{"id":33,"date":"2019-08-18T21:39:13","date_gmt":"2019-08-19T00:39:13","guid":{"rendered":"http:\/\/new.csaz.com.ar\/?page_id=33"},"modified":"2019-08-19T02:30:19","modified_gmt":"2019-08-19T05:30:19","slug":"consultoria","status":"publish","type":"page","link":"https:\/\/www.csaz.com.ar\/index.php\/consultoria\/","title":{"rendered":"Consultor\u00eda"},"content":{"rendered":"<div class=\"blockquote-box clearfix\">\n<h4>Infraestructura IT<\/h4>\n<p>Realizamos auditor\u00edas para mejorar la infraestructura inform\u00e1tica, infraestructura de red e infraestructura de aplicaci\u00f3n de nuestros clientes.<\/p>\n<p>&nbsp;<\/p>\n<\/div>\n<p>&nbsp;<\/p>\n<div class=\"blockquote-box blockquote-primary clearfix\">\n<h4>Optimizaci\u00f3n<\/h4>\n<p>Analizamos los sistemas e infraestructura de nuestros clientes, con el objetivo de comprender su funcionamiento y confeccionar un plan de acci\u00f3n para mejorar el rendimiento de los mismos.<\/p>\n<p>&nbsp;<\/p>\n<\/div>\n","protected":false},"excerpt":{"rendered":"<p>Infraestructura IT Realizamos auditor\u00edas para mejorar la infraestructura inform\u00e1tica, infraestructura de red e infraestructura de aplicaci\u00f3n de nuestros clientes. &nbsp; &nbsp; Optimizaci\u00f3n Analizamos los sistemas e infraestructura de nuestros clientes, con el objetivo de comprender su funcionamiento y confeccionar un plan de acci\u00f3n para mejorar&#8230;<\/p>\n","protected":false},"author":1,"featured_media":0,"parent":0,"menu_order":0,"comment_status":"closed","ping_status":"closed","template":"","meta":[],"_links":{"self":[{"href":"https:\/\/www.csaz.com.ar\/index.php\/wp-json\/wp\/v2\/pages\/33"}],"collection":[{"href":"https:\/\/www.csaz.com.ar\/index.php\/wp-json\/wp\/v2\/pages"}],"about":[{"href":"https:\/\/www.csaz.com.ar\/index.php\/wp-json\/wp\/v2\/types\/page"}],"author":[{"embeddable":true,"href":"https:\/\/www.csaz.com.ar\/index.php\/wp-json\/wp\/v2\/users\/1"}],"replies":[{"embeddable":true,"href":"https:\/\/www.csaz.com.ar\/index.php\/wp-json\/wp\/v2\/comments?post=33"}],"version-history":[{"count":1,"href":"https:\/\/www.csaz.com.ar\/index.php\/wp-json\/wp\/v2\/pages\/33\/revisions"}],"predecessor-version":[{"id":34,"href":"https:\/\/www.csaz.com.ar\/index.php\/wp-json\/wp\/v2\/pages\/33\/revisions\/34"}],"wp:attachment":[{"href":"https:\/\/www.csaz.com.ar\/index.php\/wp-json\/wp\/v2\/media?parent=33"}],"curies":[{"name":"wp","href":"https:\/\/api.w.org\/{rel}","templated":true}]}}