{"id":35,"date":"2019-08-18T23:38:45","date_gmt":"2019-08-19T02:38:45","guid":{"rendered":"http:\/\/new.csaz.com.ar\/?page_id=35"},"modified":"2019-08-19T02:31:43","modified_gmt":"2019-08-19T05:31:43","slug":"servicios","status":"publish","type":"page","link":"https:\/\/www.csaz.com.ar\/index.php\/servicios\/","title":{"rendered":"Servicios"},"content":{"rendered":"<h4>Redes<\/h4>\n<p>Hacemos relevamientos de la infrastructura de red y ofrecemos soluciones a medida.<\/p>\n<p>Implementamos nuevos niveles de seguridad y servicios de Firewalls, VPN, Balanceo de carga con multiples conexiones etc.<\/p>\n<h4><\/h4>\n<h4>Correos electronicos<\/h4>\n<p>Brindamos servicios de correos electronicos, como propios tambien en la nube.<\/p>\n<p>&nbsp;<\/p>\n<p>Telefonia Ip (VoIp)<\/p>\n<p>&nbsp;<\/p>\n<h4>Migraci\u00f3n de la aplicaci\u00f3nes<\/h4>\n<p>Un servicio donde nosotros migramos la aplicaci\u00f3n a la nube con usted, ya sea en un modelo de una prueba de concepto o en un modelo completamente administrado.<\/p>\n<h4><\/h4>\n<h4>Servicios y consultor\u00eda de docker<\/h4>\n<p>Nosotros provemos servicios de consultor\u00eda para organizaciones que est\u00e9n interesadas en migrar de una arquitectura heredada o antigua hacia arquitecturas modernas de micro-servicios.<\/p>\n<p>Ayudamos a los clientes a dise\u00f1ar, implementar y ejecutar la transici\u00f3n, as\u00ed como tambi\u00e9n ofrecemos la administraci\u00f3n total o parcial de los servicios una vez que el ambiente est\u00e9 en producci\u00f3n.<\/p>\n<h4><\/h4>\n<h4>Amplia cobertura<\/h4>\n<p>Nos encargamos de la administraci\u00f3n y mantenci\u00f3n de servidoresWindows, Linux en general, servidores de aplicaci\u00f3n, de base de datos, de correo, de web hosting, etc.<\/p>\n<h4><\/h4>\n<h4>Backup<\/h4>\n<p>Brindamos soluciones de backup de datos y servidores, garantizando a nuestros clientes la seguridad de sus datos en forma integral.<\/p>\n","protected":false},"excerpt":{"rendered":"<p>Redes Hacemos relevamientos de la infrastructura de red y ofrecemos soluciones a medida. Implementamos nuevos niveles de seguridad y servicios de Firewalls, VPN, Balanceo de carga con multiples conexiones etc. Correos electronicos Brindamos servicios de correos electronicos, como propios tambien en la nube. &nbsp; Telefonia&#8230;<\/p>\n","protected":false},"author":1,"featured_media":0,"parent":0,"menu_order":0,"comment_status":"closed","ping_status":"closed","template":"","meta":[],"_links":{"self":[{"href":"https:\/\/www.csaz.com.ar\/index.php\/wp-json\/wp\/v2\/pages\/35"}],"collection":[{"href":"https:\/\/www.csaz.com.ar\/index.php\/wp-json\/wp\/v2\/pages"}],"about":[{"href":"https:\/\/www.csaz.com.ar\/index.php\/wp-json\/wp\/v2\/types\/page"}],"author":[{"embeddable":true,"href":"https:\/\/www.csaz.com.ar\/index.php\/wp-json\/wp\/v2\/users\/1"}],"replies":[{"embeddable":true,"href":"https:\/\/www.csaz.com.ar\/index.php\/wp-json\/wp\/v2\/comments?post=35"}],"version-history":[{"count":3,"href":"https:\/\/www.csaz.com.ar\/index.php\/wp-json\/wp\/v2\/pages\/35\/revisions"}],"predecessor-version":[{"id":42,"href":"https:\/\/www.csaz.com.ar\/index.php\/wp-json\/wp\/v2\/pages\/35\/revisions\/42"}],"wp:attachment":[{"href":"https:\/\/www.csaz.com.ar\/index.php\/wp-json\/wp\/v2\/media?parent=35"}],"curies":[{"name":"wp","href":"https:\/\/api.w.org\/{rel}","templated":true}]}}